{"id":1765,"date":"2024-10-31T20:16:23","date_gmt":"2024-10-31T23:16:23","guid":{"rendered":"https:\/\/nidodevacas.com.ar\/?page_id=1765"},"modified":"2026-01-20T18:58:56","modified_gmt":"2026-01-20T21:58:56","slug":"nosotros","status":"publish","type":"page","link":"https:\/\/nidodevacas.com.ar\/?page_id=1765","title":{"rendered":"Nosotros"},"content":{"rendered":"\r\n<p class=\"has-black-color has-text-color has-link-color has-small-font-size wp-elements-57be7e311a16268d52723f81e34face1\"><span style=\"color: #000000;\"><strong>Nido de Vacas <\/strong>es un proyecto editorial que naci\u00f3 en 2018 en Rojas, provincia de Buenos Aires. Desde entonces, funciona como una caja de resonancia de nuevas voces y escrituras que se despliegan por el noroeste provincial.<\/span><\/p>\r\n<p><span style=\"color: #000000;\">\r\n\r\n<\/span><\/p>\r\n<p class=\"has-black-color has-text-color has-link-color has-small-font-size wp-elements-08b4d6c75be519ce7a8df19a07157e0e\"><span style=\"color: #000000;\">Nuestro cat\u00e1logo incluye cuatro colecciones:<\/span> <strong><a href=\"https:\/\/nidodevacas.com.ar\/?cat=137\"><span style=\"color: #0000ff;\">Cicatrices<\/span><\/a><\/strong> <span style=\"color: #000000;\">(narrativa),<\/span> <span style=\"color: #0000ff;\"><a style=\"color: #0000ff;\" href=\"https:\/\/nidodevacas.com.ar\/?cat=138\"><strong>Espantap\u00e1jaros<\/strong><\/a><\/span> <span style=\"color: #000000;\">(poes\u00eda), <span style=\"color: #0000ff;\"><strong><a style=\"color: #0000ff;\" href=\"https:\/\/nidodevacas.com.ar\/?cat=237\">Discusiones<\/a><\/strong><\/span> (ensayos literarios)<\/span>, <span style=\"color: #0000ff;\"><strong><a style=\"color: #0000ff;\" href=\"https:\/\/nidodevacas.com.ar\/?cat=136\">FilosoQu\u00e9?<\/a><\/strong> <\/span><span style=\"color: #000000;\">(ensayos filos\u00f3ficos), estas \u00faltimas producidas junto al ciclo de divulgaci\u00f3n y producci\u00f3n filos\u00f3fica del mismo nombre, que desde 2016 ha realizado m\u00e1s de cincuenta encuentros entre presentaciones de libros, talleres de lectura y reflexi\u00f3n y charlas debate en Rojas y ciudades de la regi\u00f3n.<\/span><\/p>\r\n<p><span style=\"color: #000000;\">\r\n\r\n<\/span><\/p>\r\n<p class=\"has-black-color has-text-color has-link-color has-small-font-size wp-elements-98448d38d83bae98764cfceaa983d5a0\"><span style=\"color: #000000;\">Adem\u00e1s, hemos publicado obras de diferentes g\u00e9neros, como cr\u00f3nicas, historia local y regional, teatro, cuentos infantiles, memorias y ensayos pol\u00edticos y literarios. Gran parte de nuestro cat\u00e1logo est\u00e1 compuesto por autores y autoras noveles.<\/span><\/p>\r\n\r\n\r\n\r\n<p class=\"wp-elements-cacbaf1b87bd035d05427c8ddb1ebff2\"><span style=\"color: #000000;\">\r\n\r\n<\/span><\/p>\r\n<p class=\"has-black-color has-text-color has-link-color has-small-font-size wp-elements-858ac2c9d6091b975dc5080d874317dd\"><span style=\"color: #000000;\">Somos socios activos (N\u00b0 2609) de la<\/span> <span style=\"color: #0000ff;\"><a style=\"color: #0000ff;\" href=\"https:\/\/www.camaradellibro.com.ar\/\"><strong>C\u00e1mara Argentina del Libro<\/strong><\/a>.<\/span><\/p>\r\n\r\n\r\n\r\n<p class=\"has-black-color has-text-color has-link-color has-small-font-size wp-elements-b4a93c757907b94e846608f92d632bb2\"><span style=\"color: #000000;\">Nuestros libros se distribuyen en todo el pa\u00eds a trav\u00e9s de<\/span> <span style=\"color: #0000ff;\"><strong><a style=\"color: #0000ff;\" href=\"https:\/\/colibriviajera.com.ar\/nido-de-vacas\/\">Colibr\u00ed Viajera<\/a> <\/strong><\/span><span style=\"color: #000000;\">y se consiguen en todo el mundo en tiendas como Amazon, en formatos digital y en papel, y Google Play.<\/span><\/p>\r\n<h5>\u00a0<\/h5>\r\n<h5><span style=\"color: #0000ff;\"><strong><span style=\"color: #000000;\">Te invitamos a conocer<\/span><a style=\"color: #0000ff;\" href=\"https:\/\/drive.google.com\/file\/d\/14BW5yMMxuKFeyutYPg-_Xu4T2u5-iZGH\/view?usp=drive_link\" target=\"_blank\" rel=\"noreferrer noopener\"> NUESTRO CAT\u00c1LOGO<\/a><\/strong><\/span><\/h5>\r\n<p>&nbsp;<\/p>\r\n<h5>\u00a0<\/h5>\r\n","protected":false},"excerpt":{"rendered":"<p>Nido de Vacas es un proyecto editorial que naci\u00f3 en 2018 en Rojas, provincia de Buenos Aires. Desde entonces, funciona como una caja de resonancia de nuevas voces y escrituras &#8230;<\/p>\n","protected":false},"author":3,"featured_media":0,"parent":0,"menu_order":2,"comment_status":"open","ping_status":"closed","template":"template-left-sidebar.php","meta":{"footnotes":""},"class_list":["post-1765","page","type-page","status-publish","hentry"],"jetpack_sharing_enabled":true,"_links":{"self":[{"href":"https:\/\/nidodevacas.com.ar\/index.php?rest_route=\/wp\/v2\/pages\/1765","targetHints":{"allow":["GET"]}}],"collection":[{"href":"https:\/\/nidodevacas.com.ar\/index.php?rest_route=\/wp\/v2\/pages"}],"about":[{"href":"https:\/\/nidodevacas.com.ar\/index.php?rest_route=\/wp\/v2\/types\/page"}],"author":[{"embeddable":true,"href":"https:\/\/nidodevacas.com.ar\/index.php?rest_route=\/wp\/v2\/users\/3"}],"replies":[{"embeddable":true,"href":"https:\/\/nidodevacas.com.ar\/index.php?rest_route=%2Fwp%2Fv2%2Fcomments&post=1765"}],"version-history":[{"count":18,"href":"https:\/\/nidodevacas.com.ar\/index.php?rest_route=\/wp\/v2\/pages\/1765\/revisions"}],"predecessor-version":[{"id":2912,"href":"https:\/\/nidodevacas.com.ar\/index.php?rest_route=\/wp\/v2\/pages\/1765\/revisions\/2912"}],"wp:attachment":[{"href":"https:\/\/nidodevacas.com.ar\/index.php?rest_route=%2Fwp%2Fv2%2Fmedia&parent=1765"}],"curies":[{"name":"wp","href":"https:\/\/api.w.org\/{rel}","templated":true}]}}